{"id":7155,"date":"2025-01-10T21:58:12","date_gmt":"2025-01-10T18:58:12","guid":{"rendered":"https:\/\/markquen.com\/?page_id=7155"},"modified":"2025-02-05T21:57:32","modified_gmt":"2025-02-05T18:57:32","slug":"politica-de-confidentialitate","status":"publish","type":"page","link":"https:\/\/markquen.com\/ro\/politica-de-confidentialitate\/","title":{"rendered":"Politica de confiden\u021bialitate"},"content":{"rendered":"<h2>Cine suntem<\/h2>\n<p>Adresa site-ului nostru web este: http:\/\/markquen.com.<\/p>\n<h2>Ce date cu caracter personal colect\u0103m \u0219i \u00een ce scop?<\/h2>\n<h3>Comentarii<\/h3>\n<p>C\u00e2nd vizitatorii las\u0103 comentarii pe site, colect\u0103m datele afi\u0219ate \u00een formularul de comentarii, precum \u0219i adresa IP a vizitatorului \u0219i \u0219irul de agent de utilizator al browserului pentru a ajuta la detectarea spamului.<\/p>\n<p>Un \u0219ir anonim creat de la adresa dvs. de e-mail (\u201ehash\u201d) poate fi furnizat serviciului Gravatar pentru a vedea dac\u0103 \u00eel utiliza\u021bi. Politica de confiden\u021bialitate a Gravatar poate fi g\u0103sit\u0103 aici: https:\/\/automattic.com\/privacy\/. Odat\u0103 ce comentariul dvs. este aprobat, fotografia dvs. de profil va fi vizibil\u0103 public \u00een contextul comentariului dvs.<\/p>\n<h3>Fi\u0219iere multimedia<\/h3>\n<p>Dac\u0103 sunte\u021bi un utilizator \u00eenregistrat \u0219i \u00eenc\u0103rca\u021bi imagini \u00een Serviciu, este posibil s\u0103 dori\u021bi s\u0103 evita\u021bi \u00eenc\u0103rcarea de imagini cu metadate EXIF, deoarece acestea pot include loca\u021bia dvs. GPS. Vizitatorii pot ob\u021bine aceste informa\u021bii desc\u0103rc\u00e2nd imagini de pe site.<\/p>\n<h3>Formulare de contact<\/h3>\n<h3>Cookie-uri<\/h3>\n<p>Dac\u0103 l\u0103sa\u021bi un comentariu pe site-ul nostru, pute\u021bi opta pentru salvarea numelui, a adresei de e-mail \u0219i a site-ului web \u00een cookie-uri. Facem acest lucru pentru confortul dvs., astfel \u00eenc\u00e2t s\u0103 nu trebuiasc\u0103 s\u0103 v\u0103 completa\u021bi datele din nou data viitoare c\u00e2nd comenta\u021bi. Aceste cookie-uri sunt stocate timp de un an.<\/p>\n<p>Dac\u0103 ave\u021bi un cont pe acest site \u0219i v\u0103 conecta\u021bi, vom seta un cookie temporar pentru a determina dac\u0103 browserul dvs. accept\u0103 cookie-uri; Cookie-ul nu con\u021bine date personale \u0219i va fi \u0219ters atunci c\u00e2nd \u00eenchide\u021bi browserul.<\/p>\n<p>C\u00e2nd v\u0103 conecta\u021bi la contul dvs., vom configura \u0219i c\u00e2teva module cookie pentru a v\u0103 salva informa\u021biile de conectare \u0219i preferin\u021bele de afi\u0219are a ecranului. Cookie-urile de conectare dureaz\u0103 dou\u0103 zile, iar modulele cookie de op\u021biuni de ecran dureaz\u0103 un an. Dac\u0103 selecta\u021bi \u201eR\u0103m\u00e2ne\u021bi conectat\u201d, detaliile dvs. de conectare vor fi salvate timp de dou\u0103 s\u0103pt\u0103m\u00e2ni. C\u00e2nd v\u0103 deconecta\u021bi de la contul dvs., modulele cookie de conectare vor fi \u0219terse.<\/p>\n<p>Dac\u0103 edita\u021bi sau publica\u021bi un articol, un cookie suplimentar va fi salvat \u00een browser; Nu con\u021bine date personale, ci doar ID-ul intr\u0103rii pe care o edita\u021bi. expir\u0103 \u00een 1 zi.<\/p>\n<h3>Con\u021binut \u00eencorporat de pe alte site-uri<\/h3>\n<p>Articolele de pe acest site web pot include con\u021binut \u00eencorporat (de exemplu, videoclipuri, imagini, articole etc.). Con\u021binutul \u00eencorporat se comport\u0103 exact \u00een acela\u0219i mod ca \u0219i cum vizitatorul ar fi vizitat cel\u0103lalt site web.<\/p>\n<p>Aceste site-uri web pot colecta date despre dvs., pot folosi cookie-uri, pot \u00eencorpora urm\u0103rire suplimentar\u0103 de la ter\u021bi \u0219i v\u0103 pot monitoriza interac\u021biunea cu acel con\u021binut \u00eencorporat, inclusiv urm\u0103rirea interac\u021biunii dvs. cu con\u021binutul \u00eencorporat dac\u0103 ave\u021bi un cont \u0219i sunte\u021bi conectat la acel cont. . site-ul web. sunt. .<\/p>\n<h3>Analiza web<\/h3>\n<h2>Cui \u00eemp\u0103rt\u0103\u0219im datele dvs.?<\/h2>\n<h2>C\u00e2t timp stoc\u0103m datele dvs.?<\/h2>\n<p>Dac\u0103 l\u0103sa\u021bi un comentariu, comentariul \u0219i metadatele sale sunt p\u0103strate pe o perioad\u0103 nedeterminat\u0103. Acest lucru va permite ca comentariile ulterioare s\u0103 fie identificate \u0219i aprobate automat, mai degrab\u0103 dec\u00e2t s\u0103 le a\u0219tepte \u00eentr-o coad\u0103 pentru aprobare.<\/p>\n<p>Pentru utilizatorii care se \u00eenregistreaz\u0103 pe site-ul nostru, stoc\u0103m informa\u021biile personale pe care le furnizeaz\u0103 \u00een profilul lor. Orice utilizator \u00ee\u0219i poate vizualiza, edita sau \u0219terge informa\u021biile de profil (cu excep\u021bia numelui de utilizator) \u00een orice moment. De asemenea, administra\u021bia site-ului poate vedea \u0219i modifica aceste informa\u021bii.<\/p>\n<h2>Ce drepturi ave\u021bi \u00een leg\u0103tur\u0103 cu datele dvs.?<\/h2>\n<p>Dac\u0103 ave\u021bi un cont pe acest site sau a\u021bi l\u0103sat comentarii, pute\u021bi solicita s\u0103 primi\u021bi un fi\u0219ier exportat cu datele personale pe care le de\u021binem despre dvs., inclusiv orice date pe care ni le-a\u021bi furnizat. De asemenea, pute\u021bi solicita \u0219tergerea acestor date; Acest lucru nu se aplic\u0103 datelor pe care suntem obliga\u021bi s\u0103 le p\u0103str\u0103m din motive administrative, legale sau de securitate.<\/p>\n<h2>Unde v\u0103 trimitem datele<\/h2>\n<p>Comentariile utilizatorilor pot fi verificate printr-un serviciu automat de detectare a spamului.<\/p>\n<h2>Detaliile dvs. de contact<\/h2>\n<h2>Informa\u021bii suplimentare<\/h2>\n<h3>A\u0219a v\u0103 protej\u0103m datele<\/h3>\n<h3>Ce proceduri exist\u0103 pentru a preveni scurgerile de date?<\/h3>\n<h3>De la ce entit\u0103\u021bi externe primim date?<\/h3>\n<h3>Ce decizii automate se iau pe baza datelor utilizatorilor?<\/h3>\n<h3>Cerin\u021be de divulgare la nivel de industrie<\/h3>\n","protected":false},"excerpt":{"rendered":"<p>Cine suntem Adresa site-ului nostru web este: http:\/\/markquen.com. Ce date cu caracter personal colect\u0103m \u0219i \u00een ce scop? Comentarii C\u00e2nd vizitatorii las\u0103 comentarii pe site, colect\u0103m datele afi\u0219ate \u00een formularul de comentarii, precum \u0219i adresa IP a vizitatorului \u0219i \u0219irul de agent de utilizator al browserului pentru a ajuta la detectarea spamului. Un \u0219ir anonim [&hellip;]<\/p>\n","protected":false},"author":1,"featured_media":0,"parent":0,"menu_order":38,"comment_status":"closed","ping_status":"open","template":"page-private.php","meta":{"_acf_changed":false,"inline_featured_image":false,"footnotes":""},"class_list":["post-7155","page","type-page","status-publish","hentry"],"acf":[],"yoast_head":"<!-- This site is optimized with the Yoast SEO plugin v26.5 - https:\/\/yoast.com\/wordpress\/plugins\/seo\/ -->\n<title>\u0422\u043e\u0440\u0433\u043e\u0432\u0435 POS \u043e\u0431\u043b\u0430\u0434\u043d\u0430\u043d\u043d\u044f \u2013 \u041c\u0410\u0420\u041a\u041a\u0412\u0415\u041d Politica de confiden\u021bialitate &#8211; Markquen.com<\/title>\n<meta name=\"description\" content=\"\u0412\u0438\u0440\u043e\u0431\u043d\u0438\u0446\u0442\u0432\u043e \u0442\u0430 \u0434\u0438\u0437\u0430\u0439\u043d. \u0422\u043e\u0440\u0433\u043e\u0432\u0435 POS \u043e\u0431\u043b\u0430\u0434\u043d\u0430\u043d\u043d\u044f, \u0431\u0440\u0435\u043d\u0434 \u0437\u043e\u043d\u0438, \u0432\u0438\u0441\u0442\u0430\u0432\u043a\u043e\u0432\u0456 \u0441\u0442\u0435\u043d\u0434\u0438, \u0440\u0435\u043a\u043b\u0430\u043c\u043d\u0456 \u0434\u0456\u0434\u0436\u0438\u0442\u0430\u043b \u0440\u0456\u0448\u0435\u043d\u043d\u044f \u0434\u043b\u044f \u043f\u0440\u043e\u0441\u0443\u0432\u0430\u043d\u043d\u044f \u0443 \u0440\u0438\u0442\u0435\u0439\u043b\u0456. \u0410\u043d\u0430\u043b\u0456\u0442\u0438\u043a\u0430 \u043f\u0440\u043e\u0434\u0430\u0436\u0456\u0432.\" \/>\n<meta name=\"robots\" content=\"index, follow, max-snippet:-1, max-image-preview:large, max-video-preview:-1\" \/>\n<link rel=\"canonical\" href=\"https:\/\/markquen.com\/ro\/politica-de-confidentialitate\/\" \/>\n<meta property=\"og:locale\" content=\"ro_RO\" \/>\n<meta property=\"og:type\" content=\"article\" \/>\n<meta property=\"og:title\" content=\"\u0422\u043e\u0440\u0433\u043e\u0432\u0435 POS \u043e\u0431\u043b\u0430\u0434\u043d\u0430\u043d\u043d\u044f \u2013 \u041c\u0410\u0420\u041a\u041a\u0412\u0415\u041d Politica de confiden\u021bialitate &#8211; Markquen.com\" \/>\n<meta property=\"og:description\" content=\"\u0412\u0438\u0440\u043e\u0431\u043d\u0438\u0446\u0442\u0432\u043e \u0442\u0430 \u0434\u0438\u0437\u0430\u0439\u043d. \u0422\u043e\u0440\u0433\u043e\u0432\u0435 POS \u043e\u0431\u043b\u0430\u0434\u043d\u0430\u043d\u043d\u044f, \u0431\u0440\u0435\u043d\u0434 \u0437\u043e\u043d\u0438, \u0432\u0438\u0441\u0442\u0430\u0432\u043a\u043e\u0432\u0456 \u0441\u0442\u0435\u043d\u0434\u0438, \u0440\u0435\u043a\u043b\u0430\u043c\u043d\u0456 \u0434\u0456\u0434\u0436\u0438\u0442\u0430\u043b \u0440\u0456\u0448\u0435\u043d\u043d\u044f \u0434\u043b\u044f \u043f\u0440\u043e\u0441\u0443\u0432\u0430\u043d\u043d\u044f \u0443 \u0440\u0438\u0442\u0435\u0439\u043b\u0456. \u0410\u043d\u0430\u043b\u0456\u0442\u0438\u043a\u0430 \u043f\u0440\u043e\u0434\u0430\u0436\u0456\u0432.\" \/>\n<meta property=\"og:url\" content=\"https:\/\/markquen.com\/ro\/politica-de-confidentialitate\/\" \/>\n<meta property=\"og:site_name\" content=\"Markquen.com\" \/>\n<meta property=\"article:publisher\" content=\"https:\/\/www.facebook.com\/markquengroup\/\" \/>\n<meta property=\"article:modified_time\" content=\"2025-02-05T18:57:32+00:00\" \/>\n<meta property=\"og:image\" content=\"https:\/\/markquen.com\/wp-content\/uploads\/2020\/06\/markquen_group-2-1024x683.jpg\" \/>\n\t<meta property=\"og:image:width\" content=\"1024\" \/>\n\t<meta property=\"og:image:height\" content=\"683\" \/>\n\t<meta property=\"og:image:type\" content=\"image\/jpeg\" \/>\n<meta name=\"twitter:card\" content=\"summary_large_image\" \/>\n<meta name=\"twitter:label1\" content=\"Timp estimat pentru citire\" \/>\n\t<meta name=\"twitter:data1\" content=\"4 minute\" \/>\n<script type=\"application\/ld+json\" class=\"yoast-schema-graph\">{\"@context\":\"https:\/\/schema.org\",\"@graph\":[{\"@type\":\"WebPage\",\"@id\":\"https:\/\/markquen.com\/ro\/politica-de-confidentialitate\/\",\"url\":\"https:\/\/markquen.com\/ro\/politica-de-confidentialitate\/\",\"name\":\"\u0422\u043e\u0440\u0433\u043e\u0432\u0435 POS \u043e\u0431\u043b\u0430\u0434\u043d\u0430\u043d\u043d\u044f \u2013 \u041c\u0410\u0420\u041a\u041a\u0412\u0415\u041d Politica de confiden\u021bialitate &#8211; Markquen.com\",\"isPartOf\":{\"@id\":\"https:\/\/markquen.com\/ro\/#website\"},\"datePublished\":\"2025-01-10T18:58:12+00:00\",\"dateModified\":\"2025-02-05T18:57:32+00:00\",\"description\":\"\u0412\u0438\u0440\u043e\u0431\u043d\u0438\u0446\u0442\u0432\u043e \u0442\u0430 \u0434\u0438\u0437\u0430\u0439\u043d. \u0422\u043e\u0440\u0433\u043e\u0432\u0435 POS \u043e\u0431\u043b\u0430\u0434\u043d\u0430\u043d\u043d\u044f, \u0431\u0440\u0435\u043d\u0434 \u0437\u043e\u043d\u0438, \u0432\u0438\u0441\u0442\u0430\u0432\u043a\u043e\u0432\u0456 \u0441\u0442\u0435\u043d\u0434\u0438, \u0440\u0435\u043a\u043b\u0430\u043c\u043d\u0456 \u0434\u0456\u0434\u0436\u0438\u0442\u0430\u043b \u0440\u0456\u0448\u0435\u043d\u043d\u044f \u0434\u043b\u044f \u043f\u0440\u043e\u0441\u0443\u0432\u0430\u043d\u043d\u044f \u0443 \u0440\u0438\u0442\u0435\u0439\u043b\u0456. \u0410\u043d\u0430\u043b\u0456\u0442\u0438\u043a\u0430 \u043f\u0440\u043e\u0434\u0430\u0436\u0456\u0432.\",\"breadcrumb\":{\"@id\":\"https:\/\/markquen.com\/ro\/politica-de-confidentialitate\/#breadcrumb\"},\"inLanguage\":\"ro-RO\",\"potentialAction\":[{\"@type\":\"ReadAction\",\"target\":[\"https:\/\/markquen.com\/ro\/politica-de-confidentialitate\/\"]}]},{\"@type\":\"BreadcrumbList\",\"@id\":\"https:\/\/markquen.com\/ro\/politica-de-confidentialitate\/#breadcrumb\",\"itemListElement\":[{\"@type\":\"ListItem\",\"position\":1,\"name\":\"\u0413\u043b\u0430\u0432\u043d\u0430\u044f \u0441\u0442\u0440\u0430\u043d\u0438\u0446\u0430\",\"item\":\"https:\/\/markquen.com\/ro\/\"},{\"@type\":\"ListItem\",\"position\":2,\"name\":\"Politica de confiden\u021bialitate\"}]},{\"@type\":\"WebSite\",\"@id\":\"https:\/\/markquen.com\/ro\/#website\",\"url\":\"https:\/\/markquen.com\/ro\/\",\"name\":\"Markquen.com\",\"description\":\"POS production and in-store marketing\",\"publisher\":{\"@id\":\"https:\/\/markquen.com\/ro\/#organization\"},\"potentialAction\":[{\"@type\":\"SearchAction\",\"target\":{\"@type\":\"EntryPoint\",\"urlTemplate\":\"https:\/\/markquen.com\/ro\/?s={search_term_string}\"},\"query-input\":{\"@type\":\"PropertyValueSpecification\",\"valueRequired\":true,\"valueName\":\"search_term_string\"}}],\"inLanguage\":\"ro-RO\"},{\"@type\":\"Organization\",\"@id\":\"https:\/\/markquen.com\/ro\/#organization\",\"name\":\"MARKQUEN\",\"url\":\"https:\/\/markquen.com\/ro\/\",\"logo\":{\"@type\":\"ImageObject\",\"inLanguage\":\"ro-RO\",\"@id\":\"https:\/\/markquen.com\/ro\/#\/schema\/logo\/image\/\",\"url\":\"https:\/\/markquen.com\/wp-content\/uploads\/2020\/05\/logo_markquen.png\",\"contentUrl\":\"https:\/\/markquen.com\/wp-content\/uploads\/2020\/05\/logo_markquen.png\",\"width\":1269,\"height\":236,\"caption\":\"MARKQUEN\"},\"image\":{\"@id\":\"https:\/\/markquen.com\/ro\/#\/schema\/logo\/image\/\"},\"sameAs\":[\"https:\/\/www.facebook.com\/markquengroup\/\",\"https:\/\/www.instagram.com\/markquen_group\/\",\"https:\/\/www.linkedin.com\/company\/markquengroup\",\"https:\/\/www.youtube.com\/channel\/UCQybLYZughkYQKlIh6uFTcg\"]}]}<\/script>\n<!-- \/ Yoast SEO plugin. -->","yoast_head_json":{"title":"\u0422\u043e\u0440\u0433\u043e\u0432\u0435 POS \u043e\u0431\u043b\u0430\u0434\u043d\u0430\u043d\u043d\u044f \u2013 \u041c\u0410\u0420\u041a\u041a\u0412\u0415\u041d Politica de confiden\u021bialitate &#8211; Markquen.com","description":"\u0412\u0438\u0440\u043e\u0431\u043d\u0438\u0446\u0442\u0432\u043e \u0442\u0430 \u0434\u0438\u0437\u0430\u0439\u043d. \u0422\u043e\u0440\u0433\u043e\u0432\u0435 POS \u043e\u0431\u043b\u0430\u0434\u043d\u0430\u043d\u043d\u044f, \u0431\u0440\u0435\u043d\u0434 \u0437\u043e\u043d\u0438, \u0432\u0438\u0441\u0442\u0430\u0432\u043a\u043e\u0432\u0456 \u0441\u0442\u0435\u043d\u0434\u0438, \u0440\u0435\u043a\u043b\u0430\u043c\u043d\u0456 \u0434\u0456\u0434\u0436\u0438\u0442\u0430\u043b \u0440\u0456\u0448\u0435\u043d\u043d\u044f \u0434\u043b\u044f \u043f\u0440\u043e\u0441\u0443\u0432\u0430\u043d\u043d\u044f \u0443 \u0440\u0438\u0442\u0435\u0439\u043b\u0456. \u0410\u043d\u0430\u043b\u0456\u0442\u0438\u043a\u0430 \u043f\u0440\u043e\u0434\u0430\u0436\u0456\u0432.","robots":{"index":"index","follow":"follow","max-snippet":"max-snippet:-1","max-image-preview":"max-image-preview:large","max-video-preview":"max-video-preview:-1"},"canonical":"https:\/\/markquen.com\/ro\/politica-de-confidentialitate\/","og_locale":"ro_RO","og_type":"article","og_title":"\u0422\u043e\u0440\u0433\u043e\u0432\u0435 POS \u043e\u0431\u043b\u0430\u0434\u043d\u0430\u043d\u043d\u044f \u2013 \u041c\u0410\u0420\u041a\u041a\u0412\u0415\u041d Politica de confiden\u021bialitate &#8211; Markquen.com","og_description":"\u0412\u0438\u0440\u043e\u0431\u043d\u0438\u0446\u0442\u0432\u043e \u0442\u0430 \u0434\u0438\u0437\u0430\u0439\u043d. \u0422\u043e\u0440\u0433\u043e\u0432\u0435 POS \u043e\u0431\u043b\u0430\u0434\u043d\u0430\u043d\u043d\u044f, \u0431\u0440\u0435\u043d\u0434 \u0437\u043e\u043d\u0438, \u0432\u0438\u0441\u0442\u0430\u0432\u043a\u043e\u0432\u0456 \u0441\u0442\u0435\u043d\u0434\u0438, \u0440\u0435\u043a\u043b\u0430\u043c\u043d\u0456 \u0434\u0456\u0434\u0436\u0438\u0442\u0430\u043b \u0440\u0456\u0448\u0435\u043d\u043d\u044f \u0434\u043b\u044f \u043f\u0440\u043e\u0441\u0443\u0432\u0430\u043d\u043d\u044f \u0443 \u0440\u0438\u0442\u0435\u0439\u043b\u0456. \u0410\u043d\u0430\u043b\u0456\u0442\u0438\u043a\u0430 \u043f\u0440\u043e\u0434\u0430\u0436\u0456\u0432.","og_url":"https:\/\/markquen.com\/ro\/politica-de-confidentialitate\/","og_site_name":"Markquen.com","article_publisher":"https:\/\/www.facebook.com\/markquengroup\/","article_modified_time":"2025-02-05T18:57:32+00:00","og_image":[{"width":1024,"height":683,"url":"https:\/\/markquen.com\/wp-content\/uploads\/2020\/06\/markquen_group-2-1024x683.jpg","type":"image\/jpeg"}],"twitter_card":"summary_large_image","twitter_misc":{"Timp estimat pentru citire":"4 minute"},"schema":{"@context":"https:\/\/schema.org","@graph":[{"@type":"WebPage","@id":"https:\/\/markquen.com\/ro\/politica-de-confidentialitate\/","url":"https:\/\/markquen.com\/ro\/politica-de-confidentialitate\/","name":"\u0422\u043e\u0440\u0433\u043e\u0432\u0435 POS \u043e\u0431\u043b\u0430\u0434\u043d\u0430\u043d\u043d\u044f \u2013 \u041c\u0410\u0420\u041a\u041a\u0412\u0415\u041d Politica de confiden\u021bialitate &#8211; Markquen.com","isPartOf":{"@id":"https:\/\/markquen.com\/ro\/#website"},"datePublished":"2025-01-10T18:58:12+00:00","dateModified":"2025-02-05T18:57:32+00:00","description":"\u0412\u0438\u0440\u043e\u0431\u043d\u0438\u0446\u0442\u0432\u043e \u0442\u0430 \u0434\u0438\u0437\u0430\u0439\u043d. \u0422\u043e\u0440\u0433\u043e\u0432\u0435 POS \u043e\u0431\u043b\u0430\u0434\u043d\u0430\u043d\u043d\u044f, \u0431\u0440\u0435\u043d\u0434 \u0437\u043e\u043d\u0438, \u0432\u0438\u0441\u0442\u0430\u0432\u043a\u043e\u0432\u0456 \u0441\u0442\u0435\u043d\u0434\u0438, \u0440\u0435\u043a\u043b\u0430\u043c\u043d\u0456 \u0434\u0456\u0434\u0436\u0438\u0442\u0430\u043b \u0440\u0456\u0448\u0435\u043d\u043d\u044f \u0434\u043b\u044f \u043f\u0440\u043e\u0441\u0443\u0432\u0430\u043d\u043d\u044f \u0443 \u0440\u0438\u0442\u0435\u0439\u043b\u0456. \u0410\u043d\u0430\u043b\u0456\u0442\u0438\u043a\u0430 \u043f\u0440\u043e\u0434\u0430\u0436\u0456\u0432.","breadcrumb":{"@id":"https:\/\/markquen.com\/ro\/politica-de-confidentialitate\/#breadcrumb"},"inLanguage":"ro-RO","potentialAction":[{"@type":"ReadAction","target":["https:\/\/markquen.com\/ro\/politica-de-confidentialitate\/"]}]},{"@type":"BreadcrumbList","@id":"https:\/\/markquen.com\/ro\/politica-de-confidentialitate\/#breadcrumb","itemListElement":[{"@type":"ListItem","position":1,"name":"\u0413\u043b\u0430\u0432\u043d\u0430\u044f \u0441\u0442\u0440\u0430\u043d\u0438\u0446\u0430","item":"https:\/\/markquen.com\/ro\/"},{"@type":"ListItem","position":2,"name":"Politica de confiden\u021bialitate"}]},{"@type":"WebSite","@id":"https:\/\/markquen.com\/ro\/#website","url":"https:\/\/markquen.com\/ro\/","name":"Markquen.com","description":"POS production and in-store marketing","publisher":{"@id":"https:\/\/markquen.com\/ro\/#organization"},"potentialAction":[{"@type":"SearchAction","target":{"@type":"EntryPoint","urlTemplate":"https:\/\/markquen.com\/ro\/?s={search_term_string}"},"query-input":{"@type":"PropertyValueSpecification","valueRequired":true,"valueName":"search_term_string"}}],"inLanguage":"ro-RO"},{"@type":"Organization","@id":"https:\/\/markquen.com\/ro\/#organization","name":"MARKQUEN","url":"https:\/\/markquen.com\/ro\/","logo":{"@type":"ImageObject","inLanguage":"ro-RO","@id":"https:\/\/markquen.com\/ro\/#\/schema\/logo\/image\/","url":"https:\/\/markquen.com\/wp-content\/uploads\/2020\/05\/logo_markquen.png","contentUrl":"https:\/\/markquen.com\/wp-content\/uploads\/2020\/05\/logo_markquen.png","width":1269,"height":236,"caption":"MARKQUEN"},"image":{"@id":"https:\/\/markquen.com\/ro\/#\/schema\/logo\/image\/"},"sameAs":["https:\/\/www.facebook.com\/markquengroup\/","https:\/\/www.instagram.com\/markquen_group\/","https:\/\/www.linkedin.com\/company\/markquengroup","https:\/\/www.youtube.com\/channel\/UCQybLYZughkYQKlIh6uFTcg"]}]}},"_links":{"self":[{"href":"https:\/\/markquen.com\/ro\/wp-json\/wp\/v2\/pages\/7155","targetHints":{"allow":["GET"]}}],"collection":[{"href":"https:\/\/markquen.com\/ro\/wp-json\/wp\/v2\/pages"}],"about":[{"href":"https:\/\/markquen.com\/ro\/wp-json\/wp\/v2\/types\/page"}],"author":[{"embeddable":true,"href":"https:\/\/markquen.com\/ro\/wp-json\/wp\/v2\/users\/1"}],"replies":[{"embeddable":true,"href":"https:\/\/markquen.com\/ro\/wp-json\/wp\/v2\/comments?post=7155"}],"version-history":[{"count":3,"href":"https:\/\/markquen.com\/ro\/wp-json\/wp\/v2\/pages\/7155\/revisions"}],"predecessor-version":[{"id":7827,"href":"https:\/\/markquen.com\/ro\/wp-json\/wp\/v2\/pages\/7155\/revisions\/7827"}],"wp:attachment":[{"href":"https:\/\/markquen.com\/ro\/wp-json\/wp\/v2\/media?parent=7155"}],"curies":[{"name":"wp","href":"https:\/\/api.w.org\/{rel}","templated":true}]}}