{"id":7153,"date":"2025-01-10T21:54:02","date_gmt":"2025-01-10T18:54:02","guid":{"rendered":"https:\/\/markquen.com\/?page_id=7153"},"modified":"2025-01-11T13:41:43","modified_gmt":"2025-01-11T10:41:43","slug":"polityka-prywatnosci","status":"publish","type":"page","link":"https:\/\/markquen.com\/pl\/polityka-prywatnosci\/","title":{"rendered":"Polityka prywatno\u015bci"},"content":{"rendered":"<h2>Kim jeste\u015bmy<\/h2>\n<p>Adres naszej strony internetowej to: http:\/\/markquen.com.<\/p>\n<h2>Jakie dane osobowe zbieramy i w jakim celu?<\/h2>\n<h3>Komentarze<\/h3>\n<p>Kiedy u\u017cytkownik zostawia komentarz w witrynie, zbieramy dane podane w formularzu komentarza, a tak\u017ce adres IP u\u017cytkownika i ci\u0105g agenta u\u017cytkownika jego przegl\u0105darki w celu wspomagania wykrywania spamu.<\/p>\n<p>Z Twojego adresu e-mail mo\u017ce zosta\u0107 utworzony anonimowy ci\u0105g znak\u00f3w (\u201ehash\u201d), kt\u00f3ry nast\u0119pnie zostanie udost\u0119pniony us\u0142udze Gravatar w celu ustalenia, czy z niej korzystasz. Polityk\u0119 prywatno\u015bci us\u0142ugi Gravatar znajdziesz tutaj: https:\/\/automattic.com\/privacy\/. Po zatwierdzeniu komentarza Twoje zdj\u0119cie profilowe b\u0119dzie publicznie widoczne w kontek\u015bcie Twojego komentarza.<\/p>\n<h3>Pliki multimedialne<\/h3>\n<p>Je\u015bli jeste\u015b zarejestrowanym u\u017cytkownikiem i przesy\u0142asz zdj\u0119cia do serwisu, mo\u017cesz chcie\u0107 unika\u0107 przesy\u0142ania obraz\u00f3w z metadanymi EXIF, poniewa\u017c mog\u0105 one zawiera\u0107 Twoj\u0105 lokalizacj\u0119 GPS. Odwiedzaj\u0105cy mog\u0105 uzyska\u0107 te informacje poprzez pobranie obrazu ze strony.<\/p>\n<h3>Formularze kontaktowe<\/h3>\n<h3>Pliki cookie<\/h3>\n<p>Je\u015bli zostawisz komentarz na naszej stronie, wyra\u017casz zgod\u0119 na zapisanie Twojego imienia, adresu e-mail i witryny w plikach cookie. Robimy to dla Twojej wygody, aby\u015b nie musia\u0142 wpisywa\u0107 swoich danych ponownie, gdy nast\u0119pnym razem b\u0119dziesz chcia\u0142 doda\u0107 komentarz. Te pliki cookie s\u0105 przechowywane przez rok.<\/p>\n<p>Je\u015bli posiadasz konto w serwisie i si\u0119 zalogujesz, ustawimy tymczasowy plik cookie, aby sprawdzi\u0107, czy Twoja przegl\u0105darka obs\u0142uguje pliki cookie. Plik cookie nie zawiera \u017cadnych danych osobowych i zostanie usuni\u0119ty po zamkni\u0119ciu przegl\u0105darki.<\/p>\n<p>Kiedy logujesz si\u0119 na swoje konto, ustawiamy tak\u017ce kilka plik\u00f3w cookie zawieraj\u0105cych Twoje dane logowania i ustawienia ekranu. Pliki cookie dotycz\u0105ce logowania przechowywane s\u0105 przez dwa dni, a pliki cookie dotycz\u0105ce ustawie\u0144 ekranu przez rok. Je\u015bli wybierzesz opcj\u0119 \u201ePozosta\u0144 zalogowany\u201d, Twoje dane logowania zostan\u0105 zapisane na dwa tygodnie. Po wylogowaniu pliki cookie logowania zostan\u0105 usuni\u0119te.<\/p>\n<p>Podczas edycji lub publikacji artyku\u0142u w Twojej przegl\u0105darce zapisywany jest dodatkowy plik cookie; Nie zawiera \u017cadnych danych osobowych, a jedynie identyfikator zbioru danych, kt\u00f3ry edytujesz. Wygasa za 1 dzie\u0144.<\/p>\n<h3>Osadzone tre\u015bci z innych witryn<\/h3>\n<p>Artyku\u0142y na tej stronie mog\u0105 zawiera\u0107 osadzone tre\u015bci (np. filmy, obrazy, artyku\u0142y itp.). Taka tre\u015b\u0107 zachowuje si\u0119 tak, jakby odwiedzaj\u0105cy odwiedzi\u0142 inn\u0105 witryn\u0119.<\/p>\n<p>Te witryny mog\u0105 zbiera\u0107 dane o Tobie, u\u017cywa\u0107 plik\u00f3w cookie, osadza\u0107 dodatkowe \u015bledzenie stron trzecich i monitorowa\u0107 Twoj\u0105 interakcj\u0119 z osadzon\u0105 tre\u015bci\u0105, w tym \u015bledzi\u0107 Twoj\u0105 interakcj\u0119, je\u015bli masz konto i jeste\u015b zalogowany w tej witrynie.<\/p>\n<h3>Analiza sieci Web<\/h3>\n<h2>Z kim dzielimy si\u0119 Twoimi danymi?<\/h2>\n<h2>Jak d\u0142ugo przechowujemy Twoje dane<\/h2>\n<p>Kiedy zostawisz komentarz, sam komentarz i jego metadane zostan\u0105 zapisane na czas nieokre\u015blony. Dzi\u0119ki temu kolejne komentarze b\u0119d\u0105 mog\u0142y by\u0107 automatycznie identyfikowane i zatwierdzane, zamiast czeka\u0107 na zatwierdzenie w kolejce.<\/p>\n<p>W przypadku u\u017cytkownik\u00f3w, kt\u00f3rzy zarejestrowali si\u0119 na naszej stronie internetowej, przechowujemy dane osobowe podane w ich profilu. Ka\u017cdy u\u017cytkownik mo\u017ce w dowolnym momencie przegl\u0105da\u0107, edytowa\u0107 lub usuwa\u0107 informacje zawarte w swoim profilu (opr\u00f3cz nazwy u\u017cytkownika). Administracja witryny mo\u017ce r\u00f3wnie\u017c przegl\u0105da\u0107 i zmienia\u0107 te informacje.<\/p>\n<h2>Jakie prawa przys\u0142uguj\u0105 Ci w zwi\u0105zku ze swoimi danymi?<\/h2>\n<p>Je\u015bli posiadasz konto w tym serwisie lub zostawi\u0142e\u015b komentarze, mo\u017cesz poprosi\u0107 o wyeksportowany plik zawieraj\u0105cy Twoje dane osobowe, kt\u00f3re przechowujemy, w tym wszelkie dane, kt\u00f3re nam dostarczy\u0142e\u015b. Mo\u017cesz r\u00f3wnie\u017c za\u017c\u0105da\u0107 usuni\u0119cia tych danych; Nie dotyczy to danych, kt\u00f3re musimy zachowa\u0107 ze wzgl\u0119d\u00f3w administracyjnych, prawnych lub bezpiecze\u0144stwa.<\/p>\n<h2>Gdzie wysy\u0142amy Twoje dane<\/h2>\n<p>Komentarze u\u017cytkownik\u00f3w mog\u0105 by\u0107 sprawdzane za pomoc\u0105 automatycznej us\u0142ugi wykrywania spamu.<\/p>\n<h2>Twoje dane kontaktowe<\/h2>\n<h2>Informacje dodatkowe<\/h2>\n<h3>Tak chronimy Twoje dane<\/h3>\n<h3>Jakie metody s\u0105 dost\u0119pne, aby zapobiec wyciekom danych?<\/h3>\n<h3>Od jakich zewn\u0119trznych dostawc\u00f3w otrzymujemy dane?<\/h3>\n<h3>Jakie zautomatyzowane decyzje s\u0105 podejmowane na podstawie danych u\u017cytkownika?<\/h3>\n<h3>Obowi\u0105zki informacyjne w ca\u0142ej bran\u017cy<\/h3>\n","protected":false},"excerpt":{"rendered":"<p>Kim jeste\u015bmy Adres naszej strony internetowej to: http:\/\/markquen.com. Jakie dane osobowe zbieramy i w jakim celu? Komentarze Kiedy u\u017cytkownik zostawia komentarz w witrynie, zbieramy dane podane w formularzu komentarza, a tak\u017ce adres IP u\u017cytkownika i ci\u0105g agenta u\u017cytkownika jego przegl\u0105darki w celu wspomagania wykrywania spamu. Z Twojego adresu e-mail mo\u017ce zosta\u0107 utworzony anonimowy ci\u0105g znak\u00f3w [&hellip;]<\/p>\n","protected":false},"author":1,"featured_media":0,"parent":0,"menu_order":38,"comment_status":"closed","ping_status":"open","template":"page-private.php","meta":{"_acf_changed":false,"inline_featured_image":false,"footnotes":""},"class_list":["post-7153","page","type-page","status-publish","hentry"],"acf":[],"yoast_head":"<!-- This site is optimized with the Yoast SEO plugin v26.5 - https:\/\/yoast.com\/wordpress\/plugins\/seo\/ -->\n<title>\u0422\u043e\u0440\u0433\u043e\u0432\u0435 POS \u043e\u0431\u043b\u0430\u0434\u043d\u0430\u043d\u043d\u044f \u2013 \u041c\u0410\u0420\u041a\u041a\u0412\u0415\u041d Polityka prywatno\u015bci &#8211; Markquen.com<\/title>\n<meta name=\"description\" content=\"\u0412\u0438\u0440\u043e\u0431\u043d\u0438\u0446\u0442\u0432\u043e \u0442\u0430 \u0434\u0438\u0437\u0430\u0439\u043d. \u0422\u043e\u0440\u0433\u043e\u0432\u0435 POS \u043e\u0431\u043b\u0430\u0434\u043d\u0430\u043d\u043d\u044f, \u0431\u0440\u0435\u043d\u0434 \u0437\u043e\u043d\u0438, \u0432\u0438\u0441\u0442\u0430\u0432\u043a\u043e\u0432\u0456 \u0441\u0442\u0435\u043d\u0434\u0438, \u0440\u0435\u043a\u043b\u0430\u043c\u043d\u0456 \u0434\u0456\u0434\u0436\u0438\u0442\u0430\u043b \u0440\u0456\u0448\u0435\u043d\u043d\u044f \u0434\u043b\u044f \u043f\u0440\u043e\u0441\u0443\u0432\u0430\u043d\u043d\u044f \u0443 \u0440\u0438\u0442\u0435\u0439\u043b\u0456. \u0410\u043d\u0430\u043b\u0456\u0442\u0438\u043a\u0430 \u043f\u0440\u043e\u0434\u0430\u0436\u0456\u0432.\" \/>\n<meta name=\"robots\" content=\"index, follow, max-snippet:-1, max-image-preview:large, max-video-preview:-1\" \/>\n<link rel=\"canonical\" href=\"https:\/\/markquen.com\/pl\/polityka-prywatnosci\/\" \/>\n<meta property=\"og:locale\" content=\"pl_PL\" \/>\n<meta property=\"og:type\" content=\"article\" \/>\n<meta property=\"og:title\" content=\"\u0422\u043e\u0440\u0433\u043e\u0432\u0435 POS \u043e\u0431\u043b\u0430\u0434\u043d\u0430\u043d\u043d\u044f \u2013 \u041c\u0410\u0420\u041a\u041a\u0412\u0415\u041d Polityka prywatno\u015bci &#8211; Markquen.com\" \/>\n<meta property=\"og:description\" content=\"\u0412\u0438\u0440\u043e\u0431\u043d\u0438\u0446\u0442\u0432\u043e \u0442\u0430 \u0434\u0438\u0437\u0430\u0439\u043d. \u0422\u043e\u0440\u0433\u043e\u0432\u0435 POS \u043e\u0431\u043b\u0430\u0434\u043d\u0430\u043d\u043d\u044f, \u0431\u0440\u0435\u043d\u0434 \u0437\u043e\u043d\u0438, \u0432\u0438\u0441\u0442\u0430\u0432\u043a\u043e\u0432\u0456 \u0441\u0442\u0435\u043d\u0434\u0438, \u0440\u0435\u043a\u043b\u0430\u043c\u043d\u0456 \u0434\u0456\u0434\u0436\u0438\u0442\u0430\u043b \u0440\u0456\u0448\u0435\u043d\u043d\u044f \u0434\u043b\u044f \u043f\u0440\u043e\u0441\u0443\u0432\u0430\u043d\u043d\u044f \u0443 \u0440\u0438\u0442\u0435\u0439\u043b\u0456. \u0410\u043d\u0430\u043b\u0456\u0442\u0438\u043a\u0430 \u043f\u0440\u043e\u0434\u0430\u0436\u0456\u0432.\" \/>\n<meta property=\"og:url\" content=\"https:\/\/markquen.com\/pl\/polityka-prywatnosci\/\" \/>\n<meta property=\"og:site_name\" content=\"Markquen.com\" \/>\n<meta property=\"article:publisher\" content=\"https:\/\/www.facebook.com\/markquengroup\/\" \/>\n<meta property=\"article:modified_time\" content=\"2025-01-11T10:41:43+00:00\" \/>\n<meta property=\"og:image\" content=\"https:\/\/markquen.com\/wp-content\/uploads\/2020\/06\/markquen_group-2-1024x683.jpg\" \/>\n\t<meta property=\"og:image:width\" content=\"1024\" \/>\n\t<meta property=\"og:image:height\" content=\"683\" \/>\n\t<meta property=\"og:image:type\" content=\"image\/jpeg\" \/>\n<meta name=\"twitter:card\" content=\"summary_large_image\" \/>\n<meta name=\"twitter:label1\" content=\"Szacowany czas czytania\" \/>\n\t<meta name=\"twitter:data1\" content=\"3 minuty\" \/>\n<script type=\"application\/ld+json\" class=\"yoast-schema-graph\">{\"@context\":\"https:\/\/schema.org\",\"@graph\":[{\"@type\":\"WebPage\",\"@id\":\"https:\/\/markquen.com\/pl\/polityka-prywatnosci\/\",\"url\":\"https:\/\/markquen.com\/pl\/polityka-prywatnosci\/\",\"name\":\"\u0422\u043e\u0440\u0433\u043e\u0432\u0435 POS \u043e\u0431\u043b\u0430\u0434\u043d\u0430\u043d\u043d\u044f \u2013 \u041c\u0410\u0420\u041a\u041a\u0412\u0415\u041d Polityka prywatno\u015bci &#8211; Markquen.com\",\"isPartOf\":{\"@id\":\"https:\/\/markquen.com\/pl\/#website\"},\"datePublished\":\"2025-01-10T18:54:02+00:00\",\"dateModified\":\"2025-01-11T10:41:43+00:00\",\"description\":\"\u0412\u0438\u0440\u043e\u0431\u043d\u0438\u0446\u0442\u0432\u043e \u0442\u0430 \u0434\u0438\u0437\u0430\u0439\u043d. \u0422\u043e\u0440\u0433\u043e\u0432\u0435 POS \u043e\u0431\u043b\u0430\u0434\u043d\u0430\u043d\u043d\u044f, \u0431\u0440\u0435\u043d\u0434 \u0437\u043e\u043d\u0438, \u0432\u0438\u0441\u0442\u0430\u0432\u043a\u043e\u0432\u0456 \u0441\u0442\u0435\u043d\u0434\u0438, \u0440\u0435\u043a\u043b\u0430\u043c\u043d\u0456 \u0434\u0456\u0434\u0436\u0438\u0442\u0430\u043b \u0440\u0456\u0448\u0435\u043d\u043d\u044f \u0434\u043b\u044f \u043f\u0440\u043e\u0441\u0443\u0432\u0430\u043d\u043d\u044f \u0443 \u0440\u0438\u0442\u0435\u0439\u043b\u0456. \u0410\u043d\u0430\u043b\u0456\u0442\u0438\u043a\u0430 \u043f\u0440\u043e\u0434\u0430\u0436\u0456\u0432.\",\"breadcrumb\":{\"@id\":\"https:\/\/markquen.com\/pl\/polityka-prywatnosci\/#breadcrumb\"},\"inLanguage\":\"pl-PL\",\"potentialAction\":[{\"@type\":\"ReadAction\",\"target\":[\"https:\/\/markquen.com\/pl\/polityka-prywatnosci\/\"]}]},{\"@type\":\"BreadcrumbList\",\"@id\":\"https:\/\/markquen.com\/pl\/polityka-prywatnosci\/#breadcrumb\",\"itemListElement\":[{\"@type\":\"ListItem\",\"position\":1,\"name\":\"Strona g\u0142\u00f3wna\",\"item\":\"https:\/\/markquen.com\/pl\/\"},{\"@type\":\"ListItem\",\"position\":2,\"name\":\"Polityka prywatno\u015bci\"}]},{\"@type\":\"WebSite\",\"@id\":\"https:\/\/markquen.com\/pl\/#website\",\"url\":\"https:\/\/markquen.com\/pl\/\",\"name\":\"Markquen.com\",\"description\":\"POS production and in-store marketing\",\"publisher\":{\"@id\":\"https:\/\/markquen.com\/pl\/#organization\"},\"potentialAction\":[{\"@type\":\"SearchAction\",\"target\":{\"@type\":\"EntryPoint\",\"urlTemplate\":\"https:\/\/markquen.com\/pl\/?s={search_term_string}\"},\"query-input\":{\"@type\":\"PropertyValueSpecification\",\"valueRequired\":true,\"valueName\":\"search_term_string\"}}],\"inLanguage\":\"pl-PL\"},{\"@type\":\"Organization\",\"@id\":\"https:\/\/markquen.com\/pl\/#organization\",\"name\":\"MARKQUEN\",\"url\":\"https:\/\/markquen.com\/pl\/\",\"logo\":{\"@type\":\"ImageObject\",\"inLanguage\":\"pl-PL\",\"@id\":\"https:\/\/markquen.com\/pl\/#\/schema\/logo\/image\/\",\"url\":\"https:\/\/markquen.com\/wp-content\/uploads\/2020\/05\/logo_markquen.png\",\"contentUrl\":\"https:\/\/markquen.com\/wp-content\/uploads\/2020\/05\/logo_markquen.png\",\"width\":1269,\"height\":236,\"caption\":\"MARKQUEN\"},\"image\":{\"@id\":\"https:\/\/markquen.com\/pl\/#\/schema\/logo\/image\/\"},\"sameAs\":[\"https:\/\/www.facebook.com\/markquengroup\/\",\"https:\/\/www.instagram.com\/markquen_group\/\",\"https:\/\/www.linkedin.com\/company\/markquengroup\",\"https:\/\/www.youtube.com\/channel\/UCQybLYZughkYQKlIh6uFTcg\"]}]}<\/script>\n<!-- \/ Yoast SEO plugin. -->","yoast_head_json":{"title":"\u0422\u043e\u0440\u0433\u043e\u0432\u0435 POS \u043e\u0431\u043b\u0430\u0434\u043d\u0430\u043d\u043d\u044f \u2013 \u041c\u0410\u0420\u041a\u041a\u0412\u0415\u041d Polityka prywatno\u015bci &#8211; Markquen.com","description":"\u0412\u0438\u0440\u043e\u0431\u043d\u0438\u0446\u0442\u0432\u043e \u0442\u0430 \u0434\u0438\u0437\u0430\u0439\u043d. \u0422\u043e\u0440\u0433\u043e\u0432\u0435 POS \u043e\u0431\u043b\u0430\u0434\u043d\u0430\u043d\u043d\u044f, \u0431\u0440\u0435\u043d\u0434 \u0437\u043e\u043d\u0438, \u0432\u0438\u0441\u0442\u0430\u0432\u043a\u043e\u0432\u0456 \u0441\u0442\u0435\u043d\u0434\u0438, \u0440\u0435\u043a\u043b\u0430\u043c\u043d\u0456 \u0434\u0456\u0434\u0436\u0438\u0442\u0430\u043b \u0440\u0456\u0448\u0435\u043d\u043d\u044f \u0434\u043b\u044f \u043f\u0440\u043e\u0441\u0443\u0432\u0430\u043d\u043d\u044f \u0443 \u0440\u0438\u0442\u0435\u0439\u043b\u0456. \u0410\u043d\u0430\u043b\u0456\u0442\u0438\u043a\u0430 \u043f\u0440\u043e\u0434\u0430\u0436\u0456\u0432.","robots":{"index":"index","follow":"follow","max-snippet":"max-snippet:-1","max-image-preview":"max-image-preview:large","max-video-preview":"max-video-preview:-1"},"canonical":"https:\/\/markquen.com\/pl\/polityka-prywatnosci\/","og_locale":"pl_PL","og_type":"article","og_title":"\u0422\u043e\u0440\u0433\u043e\u0432\u0435 POS \u043e\u0431\u043b\u0430\u0434\u043d\u0430\u043d\u043d\u044f \u2013 \u041c\u0410\u0420\u041a\u041a\u0412\u0415\u041d Polityka prywatno\u015bci &#8211; Markquen.com","og_description":"\u0412\u0438\u0440\u043e\u0431\u043d\u0438\u0446\u0442\u0432\u043e \u0442\u0430 \u0434\u0438\u0437\u0430\u0439\u043d. \u0422\u043e\u0440\u0433\u043e\u0432\u0435 POS \u043e\u0431\u043b\u0430\u0434\u043d\u0430\u043d\u043d\u044f, \u0431\u0440\u0435\u043d\u0434 \u0437\u043e\u043d\u0438, \u0432\u0438\u0441\u0442\u0430\u0432\u043a\u043e\u0432\u0456 \u0441\u0442\u0435\u043d\u0434\u0438, \u0440\u0435\u043a\u043b\u0430\u043c\u043d\u0456 \u0434\u0456\u0434\u0436\u0438\u0442\u0430\u043b \u0440\u0456\u0448\u0435\u043d\u043d\u044f \u0434\u043b\u044f \u043f\u0440\u043e\u0441\u0443\u0432\u0430\u043d\u043d\u044f \u0443 \u0440\u0438\u0442\u0435\u0439\u043b\u0456. \u0410\u043d\u0430\u043b\u0456\u0442\u0438\u043a\u0430 \u043f\u0440\u043e\u0434\u0430\u0436\u0456\u0432.","og_url":"https:\/\/markquen.com\/pl\/polityka-prywatnosci\/","og_site_name":"Markquen.com","article_publisher":"https:\/\/www.facebook.com\/markquengroup\/","article_modified_time":"2025-01-11T10:41:43+00:00","og_image":[{"width":1024,"height":683,"url":"https:\/\/markquen.com\/wp-content\/uploads\/2020\/06\/markquen_group-2-1024x683.jpg","type":"image\/jpeg"}],"twitter_card":"summary_large_image","twitter_misc":{"Szacowany czas czytania":"3 minuty"},"schema":{"@context":"https:\/\/schema.org","@graph":[{"@type":"WebPage","@id":"https:\/\/markquen.com\/pl\/polityka-prywatnosci\/","url":"https:\/\/markquen.com\/pl\/polityka-prywatnosci\/","name":"\u0422\u043e\u0440\u0433\u043e\u0432\u0435 POS \u043e\u0431\u043b\u0430\u0434\u043d\u0430\u043d\u043d\u044f \u2013 \u041c\u0410\u0420\u041a\u041a\u0412\u0415\u041d Polityka prywatno\u015bci &#8211; Markquen.com","isPartOf":{"@id":"https:\/\/markquen.com\/pl\/#website"},"datePublished":"2025-01-10T18:54:02+00:00","dateModified":"2025-01-11T10:41:43+00:00","description":"\u0412\u0438\u0440\u043e\u0431\u043d\u0438\u0446\u0442\u0432\u043e \u0442\u0430 \u0434\u0438\u0437\u0430\u0439\u043d. \u0422\u043e\u0440\u0433\u043e\u0432\u0435 POS \u043e\u0431\u043b\u0430\u0434\u043d\u0430\u043d\u043d\u044f, \u0431\u0440\u0435\u043d\u0434 \u0437\u043e\u043d\u0438, \u0432\u0438\u0441\u0442\u0430\u0432\u043a\u043e\u0432\u0456 \u0441\u0442\u0435\u043d\u0434\u0438, \u0440\u0435\u043a\u043b\u0430\u043c\u043d\u0456 \u0434\u0456\u0434\u0436\u0438\u0442\u0430\u043b \u0440\u0456\u0448\u0435\u043d\u043d\u044f \u0434\u043b\u044f \u043f\u0440\u043e\u0441\u0443\u0432\u0430\u043d\u043d\u044f \u0443 \u0440\u0438\u0442\u0435\u0439\u043b\u0456. \u0410\u043d\u0430\u043b\u0456\u0442\u0438\u043a\u0430 \u043f\u0440\u043e\u0434\u0430\u0436\u0456\u0432.","breadcrumb":{"@id":"https:\/\/markquen.com\/pl\/polityka-prywatnosci\/#breadcrumb"},"inLanguage":"pl-PL","potentialAction":[{"@type":"ReadAction","target":["https:\/\/markquen.com\/pl\/polityka-prywatnosci\/"]}]},{"@type":"BreadcrumbList","@id":"https:\/\/markquen.com\/pl\/polityka-prywatnosci\/#breadcrumb","itemListElement":[{"@type":"ListItem","position":1,"name":"Strona g\u0142\u00f3wna","item":"https:\/\/markquen.com\/pl\/"},{"@type":"ListItem","position":2,"name":"Polityka prywatno\u015bci"}]},{"@type":"WebSite","@id":"https:\/\/markquen.com\/pl\/#website","url":"https:\/\/markquen.com\/pl\/","name":"Markquen.com","description":"POS production and in-store marketing","publisher":{"@id":"https:\/\/markquen.com\/pl\/#organization"},"potentialAction":[{"@type":"SearchAction","target":{"@type":"EntryPoint","urlTemplate":"https:\/\/markquen.com\/pl\/?s={search_term_string}"},"query-input":{"@type":"PropertyValueSpecification","valueRequired":true,"valueName":"search_term_string"}}],"inLanguage":"pl-PL"},{"@type":"Organization","@id":"https:\/\/markquen.com\/pl\/#organization","name":"MARKQUEN","url":"https:\/\/markquen.com\/pl\/","logo":{"@type":"ImageObject","inLanguage":"pl-PL","@id":"https:\/\/markquen.com\/pl\/#\/schema\/logo\/image\/","url":"https:\/\/markquen.com\/wp-content\/uploads\/2020\/05\/logo_markquen.png","contentUrl":"https:\/\/markquen.com\/wp-content\/uploads\/2020\/05\/logo_markquen.png","width":1269,"height":236,"caption":"MARKQUEN"},"image":{"@id":"https:\/\/markquen.com\/pl\/#\/schema\/logo\/image\/"},"sameAs":["https:\/\/www.facebook.com\/markquengroup\/","https:\/\/www.instagram.com\/markquen_group\/","https:\/\/www.linkedin.com\/company\/markquengroup","https:\/\/www.youtube.com\/channel\/UCQybLYZughkYQKlIh6uFTcg"]}]}},"_links":{"self":[{"href":"https:\/\/markquen.com\/pl\/wp-json\/wp\/v2\/pages\/7153","targetHints":{"allow":["GET"]}}],"collection":[{"href":"https:\/\/markquen.com\/pl\/wp-json\/wp\/v2\/pages"}],"about":[{"href":"https:\/\/markquen.com\/pl\/wp-json\/wp\/v2\/types\/page"}],"author":[{"embeddable":true,"href":"https:\/\/markquen.com\/pl\/wp-json\/wp\/v2\/users\/1"}],"replies":[{"embeddable":true,"href":"https:\/\/markquen.com\/pl\/wp-json\/wp\/v2\/comments?post=7153"}],"version-history":[{"count":3,"href":"https:\/\/markquen.com\/pl\/wp-json\/wp\/v2\/pages\/7153\/revisions"}],"predecessor-version":[{"id":7163,"href":"https:\/\/markquen.com\/pl\/wp-json\/wp\/v2\/pages\/7153\/revisions\/7163"}],"wp:attachment":[{"href":"https:\/\/markquen.com\/pl\/wp-json\/wp\/v2\/media?parent=7153"}],"curies":[{"name":"wp","href":"https:\/\/api.w.org\/{rel}","templated":true}]}}