{"id":7151,"date":"2025-01-10T21:48:07","date_gmt":"2025-01-10T18:48:07","guid":{"rendered":"https:\/\/markquen.com\/?page_id=7151"},"modified":"2025-01-11T13:38:30","modified_gmt":"2025-01-11T10:38:30","slug":"datenschutzrichtlinie","status":"publish","type":"page","link":"https:\/\/markquen.com\/de\/datenschutzrichtlinie\/","title":{"rendered":"Datenschutzrichtlinie"},"content":{"rendered":"<h2>Wer wir sind<\/h2>\n<p>Unsere Website-Adresse lautet: http:\/\/markquen.com.<\/p>\n<h2>Welche personenbezogenen Daten erheben wir und zu welchem \u200b\u200bZweck?<\/h2>\n<h3>Kommentare<\/h3>\n<p>Wenn ein Besucher einen Kommentar auf der Site hinterl\u00e4sst, erfassen wir die im Kommentarformular angegebenen Daten sowie die IP-Adresse des Besuchers und den User-Agent-String seines Browsers, um die Spam-Erkennung zu unterst\u00fctzen.<\/p>\n<p>Aus Ihrer E-Mail-Adresse kann eine anonyme Zeichenfolge (\u201eHash\u201c) erstellt und dem Gravatar-Dienst zur Verf\u00fcgung gestellt werden, um festzustellen, ob Sie ihn verwenden. Die Datenschutzrichtlinie von Gravatar finden Sie hier: https:\/\/automattic.com\/privacy\/. Sobald Ihr Kommentar genehmigt wurde, ist Ihr Profilbild im Kontext Ihres Kommentars \u00f6ffentlich sichtbar.<\/p>\n<h3>Mediendateien<\/h3>\n<p>Wenn Sie ein registrierter Benutzer sind und Fotos auf die Site hochladen, m\u00f6chten Sie m\u00f6glicherweise das Hochladen von Bildern mit EXIF-Metadaten vermeiden, da diese Ihren GPS-Standort enthalten k\u00f6nnen. Besucher k\u00f6nnen diese Informationen erhalten, indem sie ein Bild von der Site herunterladen.<\/p>\n<h3>Kontaktformulare<\/h3>\n<h3>Kekse<\/h3>\n<p>Wenn Sie auf unserer Site einen Kommentar hinterlassen, k\u00f6nnen Sie der Speicherung Ihres Namens, Ihrer E-Mail-Adresse und Ihrer Website in Cookies zustimmen. Dies dient Ihrer Bequemlichkeit, damit Sie beim n\u00e4chsten Kommentieren Ihre Daten nicht erneut eingeben m\u00fcssen. Die Speicherung dieser Cookies erfolgt f\u00fcr ein Jahr.<\/p>\n<p>Wenn Sie ein Konto auf der Site haben und sich anmelden, setzen wir ein tempor\u00e4res Cookie, um festzustellen, ob Ihr Browser Cookies unterst\u00fctzt. Das Cookie enth\u00e4lt keine personenbezogenen Daten und wird gel\u00f6scht, wenn Sie Ihren Browser schlie\u00dfen.<\/p>\n<p>Wenn Sie sich bei Ihrem Konto anmelden, setzen wir auch mehrere Cookies mit Ihren Anmeldeinformationen und Bildschirmeinstellungen. Login-Cookies werden zwei Tage gespeichert, Bildschirmeinstellungs-Cookies ein Jahr. Wenn Sie die Option \u201eAngemeldet bleiben\u201c ausw\u00e4hlen, werden Ihre Anmeldedaten zwei Wochen lang gespeichert. Wenn Sie sich abmelden, werden Ihre Anmelde-Cookies gel\u00f6scht.<\/p>\n<p>Beim Bearbeiten oder Ver\u00f6ffentlichen eines Artikels wird ein zus\u00e4tzlicher Cookie in Ihrem Browser gespeichert; Es enth\u00e4lt keine personenbezogenen Daten, sondern nur die Kennung des Datensatzes, den Sie bearbeiten. l\u00e4uft in 1 Tag ab.<\/p>\n<h3>Eingebettete Inhalte von anderen Websites<\/h3>\n<p>Artikel auf dieser Site k\u00f6nnen eingebettete Inhalte enthalten (z. B. Videos, Bilder, Artikel usw.). Solche Inhalte verhalten sich so, als ob der Besucher eine andere Site besucht h\u00e4tte.<\/p>\n<p>Diese Websites k\u00f6nnen Daten \u00fcber Sie sammeln, Cookies verwenden, zus\u00e4tzliches Tracking von Drittanbietern einbetten und Ihre Interaktion mit den eingebetteten Inhalten \u00fcberwachen, einschlie\u00dflich der Verfolgung Ihrer Interaktion, wenn Sie \u00fcber ein Konto verf\u00fcgen und bei dieser Website angemeldet sind.<\/p >\n<h3>Webanalyse<\/h3>\n<h2>Mit wem teilen wir Ihre Daten?<\/h2>\n<h2>Wie lange speichern wir Ihre Daten<\/h2>\n<p>Wenn Sie einen Kommentar hinterlassen, werden der Kommentar selbst und seine Metadaten auf unbestimmte Zeit gespeichert. Dies geschieht, damit nachfolgende Kommentare automatisch identifiziert und genehmigt werden k\u00f6nnen, anstatt in eine Warteschlange zur Genehmigung gestellt zu werden.<\/p>\n<p>F\u00fcr Benutzer, die sich auf unserer Website registrieren, speichern wir die pers\u00f6nlichen Informationen, die sie in ihrem Profil angeben. Alle Benutzer k\u00f6nnen ihre Profilinformationen (mit Ausnahme ihres Benutzernamens) jederzeit anzeigen, bearbeiten oder l\u00f6schen. Auch die Site-Administration kann diese Informationen einsehen und \u00e4ndern.<\/p>\n<h2>Welche Rechte haben Sie an Ihren Daten?<\/h2>\n<p>Wenn Sie ein Konto auf der Site besitzen oder Kommentare hinterlassen haben, k\u00f6nnen Sie eine exportierte Datei Ihrer bei uns gespeicherten personenbezogenen Daten anfordern, einschlie\u00dflich der von Ihnen bereitgestellten Daten. Sie k\u00f6nnen auch die L\u00f6schung dieser Daten verlangen; hiervon ausgenommen sind Daten, die wir aufgrund administrativer, rechtlicher oder sicherheitsrelevanter Notwendigkeiten aufbewahren m\u00fcssen.<\/p>\n<h2>Wohin wir Ihre Daten senden<\/h2>\n<p>Benutzerkommentare k\u00f6nnen von einem automatischen Spam-Erkennungsdienst \u00fcberpr\u00fcft werden.<\/p>\n<h2>Ihre Kontaktdaten<\/h2>\n<h2>Zus\u00e4tzliche Informationen<\/h2>\n<h3>So sch\u00fctzen wir Ihre Daten<\/h3>\n<h3>Welche Verfahren gibt es, um Datenlecks zu verhindern?<\/h3>\n<h3>Von welchen Drittanbietern erhalten wir Daten?<\/h3>\n<h3>Welche automatisierten Entscheidungen werden auf Grundlage von Benutzerdaten getroffen?<\/h3>\n<h3>Branchenweite Offenlegungspflichten<\/h3>\n","protected":false},"excerpt":{"rendered":"<p>Wer wir sind Unsere Website-Adresse lautet: http:\/\/markquen.com. Welche personenbezogenen Daten erheben wir und zu welchem \u200b\u200bZweck? Kommentare Wenn ein Besucher einen Kommentar auf der Site hinterl\u00e4sst, erfassen wir die im Kommentarformular angegebenen Daten sowie die IP-Adresse des Besuchers und den User-Agent-String seines Browsers, um die Spam-Erkennung zu unterst\u00fctzen. Aus Ihrer E-Mail-Adresse kann eine anonyme Zeichenfolge [&hellip;]<\/p>\n","protected":false},"author":1,"featured_media":0,"parent":0,"menu_order":38,"comment_status":"closed","ping_status":"open","template":"page-private.php","meta":{"_acf_changed":false,"inline_featured_image":false,"footnotes":""},"class_list":["post-7151","page","type-page","status-publish","hentry"],"acf":[],"yoast_head":"<!-- This site is optimized with the Yoast SEO plugin v26.5 - https:\/\/yoast.com\/wordpress\/plugins\/seo\/ -->\n<title>\u0422\u043e\u0440\u0433\u043e\u0432\u0435 POS \u043e\u0431\u043b\u0430\u0434\u043d\u0430\u043d\u043d\u044f \u2013 \u041c\u0410\u0420\u041a\u041a\u0412\u0415\u041d Datenschutzrichtlinie &#8211; Markquen.com<\/title>\n<meta name=\"description\" content=\"\u0412\u0438\u0440\u043e\u0431\u043d\u0438\u0446\u0442\u0432\u043e \u0442\u0430 \u0434\u0438\u0437\u0430\u0439\u043d. \u0422\u043e\u0440\u0433\u043e\u0432\u0435 POS \u043e\u0431\u043b\u0430\u0434\u043d\u0430\u043d\u043d\u044f, \u0431\u0440\u0435\u043d\u0434 \u0437\u043e\u043d\u0438, \u0432\u0438\u0441\u0442\u0430\u0432\u043a\u043e\u0432\u0456 \u0441\u0442\u0435\u043d\u0434\u0438, \u0440\u0435\u043a\u043b\u0430\u043c\u043d\u0456 \u0434\u0456\u0434\u0436\u0438\u0442\u0430\u043b \u0440\u0456\u0448\u0435\u043d\u043d\u044f \u0434\u043b\u044f \u043f\u0440\u043e\u0441\u0443\u0432\u0430\u043d\u043d\u044f \u0443 \u0440\u0438\u0442\u0435\u0439\u043b\u0456. \u0410\u043d\u0430\u043b\u0456\u0442\u0438\u043a\u0430 \u043f\u0440\u043e\u0434\u0430\u0436\u0456\u0432.\" \/>\n<meta name=\"robots\" content=\"index, follow, max-snippet:-1, max-image-preview:large, max-video-preview:-1\" \/>\n<link rel=\"canonical\" href=\"https:\/\/markquen.com\/de\/datenschutzrichtlinie\/\" \/>\n<meta property=\"og:locale\" content=\"de_DE\" \/>\n<meta property=\"og:type\" content=\"article\" \/>\n<meta property=\"og:title\" content=\"\u0422\u043e\u0440\u0433\u043e\u0432\u0435 POS \u043e\u0431\u043b\u0430\u0434\u043d\u0430\u043d\u043d\u044f \u2013 \u041c\u0410\u0420\u041a\u041a\u0412\u0415\u041d Datenschutzrichtlinie &#8211; Markquen.com\" \/>\n<meta property=\"og:description\" content=\"\u0412\u0438\u0440\u043e\u0431\u043d\u0438\u0446\u0442\u0432\u043e \u0442\u0430 \u0434\u0438\u0437\u0430\u0439\u043d. \u0422\u043e\u0440\u0433\u043e\u0432\u0435 POS \u043e\u0431\u043b\u0430\u0434\u043d\u0430\u043d\u043d\u044f, \u0431\u0440\u0435\u043d\u0434 \u0437\u043e\u043d\u0438, \u0432\u0438\u0441\u0442\u0430\u0432\u043a\u043e\u0432\u0456 \u0441\u0442\u0435\u043d\u0434\u0438, \u0440\u0435\u043a\u043b\u0430\u043c\u043d\u0456 \u0434\u0456\u0434\u0436\u0438\u0442\u0430\u043b \u0440\u0456\u0448\u0435\u043d\u043d\u044f \u0434\u043b\u044f \u043f\u0440\u043e\u0441\u0443\u0432\u0430\u043d\u043d\u044f \u0443 \u0440\u0438\u0442\u0435\u0439\u043b\u0456. \u0410\u043d\u0430\u043b\u0456\u0442\u0438\u043a\u0430 \u043f\u0440\u043e\u0434\u0430\u0436\u0456\u0432.\" \/>\n<meta property=\"og:url\" content=\"https:\/\/markquen.com\/de\/datenschutzrichtlinie\/\" \/>\n<meta property=\"og:site_name\" content=\"Markquen.com\" \/>\n<meta property=\"article:publisher\" content=\"https:\/\/www.facebook.com\/markquengroup\/\" \/>\n<meta property=\"article:modified_time\" content=\"2025-01-11T10:38:30+00:00\" \/>\n<meta property=\"og:image\" content=\"https:\/\/markquen.com\/wp-content\/uploads\/2020\/06\/markquen_group-2-1024x683.jpg\" \/>\n\t<meta property=\"og:image:width\" content=\"1024\" \/>\n\t<meta property=\"og:image:height\" content=\"683\" \/>\n\t<meta property=\"og:image:type\" content=\"image\/jpeg\" \/>\n<meta name=\"twitter:card\" content=\"summary_large_image\" \/>\n<meta name=\"twitter:label1\" content=\"Gesch\u00e4tzte Lesezeit\" \/>\n\t<meta name=\"twitter:data1\" content=\"3 Minuten\" \/>\n<script type=\"application\/ld+json\" class=\"yoast-schema-graph\">{\"@context\":\"https:\/\/schema.org\",\"@graph\":[{\"@type\":\"WebPage\",\"@id\":\"https:\/\/markquen.com\/de\/datenschutzrichtlinie\/\",\"url\":\"https:\/\/markquen.com\/de\/datenschutzrichtlinie\/\",\"name\":\"\u0422\u043e\u0440\u0433\u043e\u0432\u0435 POS \u043e\u0431\u043b\u0430\u0434\u043d\u0430\u043d\u043d\u044f \u2013 \u041c\u0410\u0420\u041a\u041a\u0412\u0415\u041d Datenschutzrichtlinie &#8211; Markquen.com\",\"isPartOf\":{\"@id\":\"https:\/\/markquen.com\/de\/#website\"},\"datePublished\":\"2025-01-10T18:48:07+00:00\",\"dateModified\":\"2025-01-11T10:38:30+00:00\",\"description\":\"\u0412\u0438\u0440\u043e\u0431\u043d\u0438\u0446\u0442\u0432\u043e \u0442\u0430 \u0434\u0438\u0437\u0430\u0439\u043d. \u0422\u043e\u0440\u0433\u043e\u0432\u0435 POS \u043e\u0431\u043b\u0430\u0434\u043d\u0430\u043d\u043d\u044f, \u0431\u0440\u0435\u043d\u0434 \u0437\u043e\u043d\u0438, \u0432\u0438\u0441\u0442\u0430\u0432\u043a\u043e\u0432\u0456 \u0441\u0442\u0435\u043d\u0434\u0438, \u0440\u0435\u043a\u043b\u0430\u043c\u043d\u0456 \u0434\u0456\u0434\u0436\u0438\u0442\u0430\u043b \u0440\u0456\u0448\u0435\u043d\u043d\u044f \u0434\u043b\u044f \u043f\u0440\u043e\u0441\u0443\u0432\u0430\u043d\u043d\u044f \u0443 \u0440\u0438\u0442\u0435\u0439\u043b\u0456. \u0410\u043d\u0430\u043b\u0456\u0442\u0438\u043a\u0430 \u043f\u0440\u043e\u0434\u0430\u0436\u0456\u0432.\",\"breadcrumb\":{\"@id\":\"https:\/\/markquen.com\/de\/datenschutzrichtlinie\/#breadcrumb\"},\"inLanguage\":\"de-DE\",\"potentialAction\":[{\"@type\":\"ReadAction\",\"target\":[\"https:\/\/markquen.com\/de\/datenschutzrichtlinie\/\"]}]},{\"@type\":\"BreadcrumbList\",\"@id\":\"https:\/\/markquen.com\/de\/datenschutzrichtlinie\/#breadcrumb\",\"itemListElement\":[{\"@type\":\"ListItem\",\"position\":1,\"name\":\"Hauptseite\",\"item\":\"https:\/\/markquen.com\/de\/\"},{\"@type\":\"ListItem\",\"position\":2,\"name\":\"Datenschutzrichtlinie\"}]},{\"@type\":\"WebSite\",\"@id\":\"https:\/\/markquen.com\/de\/#website\",\"url\":\"https:\/\/markquen.com\/de\/\",\"name\":\"Markquen.com\",\"description\":\"POS production and in-store marketing\",\"publisher\":{\"@id\":\"https:\/\/markquen.com\/de\/#organization\"},\"potentialAction\":[{\"@type\":\"SearchAction\",\"target\":{\"@type\":\"EntryPoint\",\"urlTemplate\":\"https:\/\/markquen.com\/de\/?s={search_term_string}\"},\"query-input\":{\"@type\":\"PropertyValueSpecification\",\"valueRequired\":true,\"valueName\":\"search_term_string\"}}],\"inLanguage\":\"de-DE\"},{\"@type\":\"Organization\",\"@id\":\"https:\/\/markquen.com\/de\/#organization\",\"name\":\"MARKQUEN\",\"url\":\"https:\/\/markquen.com\/de\/\",\"logo\":{\"@type\":\"ImageObject\",\"inLanguage\":\"de-DE\",\"@id\":\"https:\/\/markquen.com\/de\/#\/schema\/logo\/image\/\",\"url\":\"https:\/\/markquen.com\/wp-content\/uploads\/2020\/05\/logo_markquen.png\",\"contentUrl\":\"https:\/\/markquen.com\/wp-content\/uploads\/2020\/05\/logo_markquen.png\",\"width\":1269,\"height\":236,\"caption\":\"MARKQUEN\"},\"image\":{\"@id\":\"https:\/\/markquen.com\/de\/#\/schema\/logo\/image\/\"},\"sameAs\":[\"https:\/\/www.facebook.com\/markquengroup\/\",\"https:\/\/www.instagram.com\/markquen_group\/\",\"https:\/\/www.linkedin.com\/company\/markquengroup\",\"https:\/\/www.youtube.com\/channel\/UCQybLYZughkYQKlIh6uFTcg\"]}]}<\/script>\n<!-- \/ Yoast SEO plugin. -->","yoast_head_json":{"title":"\u0422\u043e\u0440\u0433\u043e\u0432\u0435 POS \u043e\u0431\u043b\u0430\u0434\u043d\u0430\u043d\u043d\u044f \u2013 \u041c\u0410\u0420\u041a\u041a\u0412\u0415\u041d Datenschutzrichtlinie &#8211; Markquen.com","description":"\u0412\u0438\u0440\u043e\u0431\u043d\u0438\u0446\u0442\u0432\u043e \u0442\u0430 \u0434\u0438\u0437\u0430\u0439\u043d. \u0422\u043e\u0440\u0433\u043e\u0432\u0435 POS \u043e\u0431\u043b\u0430\u0434\u043d\u0430\u043d\u043d\u044f, \u0431\u0440\u0435\u043d\u0434 \u0437\u043e\u043d\u0438, \u0432\u0438\u0441\u0442\u0430\u0432\u043a\u043e\u0432\u0456 \u0441\u0442\u0435\u043d\u0434\u0438, \u0440\u0435\u043a\u043b\u0430\u043c\u043d\u0456 \u0434\u0456\u0434\u0436\u0438\u0442\u0430\u043b \u0440\u0456\u0448\u0435\u043d\u043d\u044f \u0434\u043b\u044f \u043f\u0440\u043e\u0441\u0443\u0432\u0430\u043d\u043d\u044f \u0443 \u0440\u0438\u0442\u0435\u0439\u043b\u0456. \u0410\u043d\u0430\u043b\u0456\u0442\u0438\u043a\u0430 \u043f\u0440\u043e\u0434\u0430\u0436\u0456\u0432.","robots":{"index":"index","follow":"follow","max-snippet":"max-snippet:-1","max-image-preview":"max-image-preview:large","max-video-preview":"max-video-preview:-1"},"canonical":"https:\/\/markquen.com\/de\/datenschutzrichtlinie\/","og_locale":"de_DE","og_type":"article","og_title":"\u0422\u043e\u0440\u0433\u043e\u0432\u0435 POS \u043e\u0431\u043b\u0430\u0434\u043d\u0430\u043d\u043d\u044f \u2013 \u041c\u0410\u0420\u041a\u041a\u0412\u0415\u041d Datenschutzrichtlinie &#8211; Markquen.com","og_description":"\u0412\u0438\u0440\u043e\u0431\u043d\u0438\u0446\u0442\u0432\u043e \u0442\u0430 \u0434\u0438\u0437\u0430\u0439\u043d. \u0422\u043e\u0440\u0433\u043e\u0432\u0435 POS \u043e\u0431\u043b\u0430\u0434\u043d\u0430\u043d\u043d\u044f, \u0431\u0440\u0435\u043d\u0434 \u0437\u043e\u043d\u0438, \u0432\u0438\u0441\u0442\u0430\u0432\u043a\u043e\u0432\u0456 \u0441\u0442\u0435\u043d\u0434\u0438, \u0440\u0435\u043a\u043b\u0430\u043c\u043d\u0456 \u0434\u0456\u0434\u0436\u0438\u0442\u0430\u043b \u0440\u0456\u0448\u0435\u043d\u043d\u044f \u0434\u043b\u044f \u043f\u0440\u043e\u0441\u0443\u0432\u0430\u043d\u043d\u044f \u0443 \u0440\u0438\u0442\u0435\u0439\u043b\u0456. \u0410\u043d\u0430\u043b\u0456\u0442\u0438\u043a\u0430 \u043f\u0440\u043e\u0434\u0430\u0436\u0456\u0432.","og_url":"https:\/\/markquen.com\/de\/datenschutzrichtlinie\/","og_site_name":"Markquen.com","article_publisher":"https:\/\/www.facebook.com\/markquengroup\/","article_modified_time":"2025-01-11T10:38:30+00:00","og_image":[{"width":1024,"height":683,"url":"https:\/\/markquen.com\/wp-content\/uploads\/2020\/06\/markquen_group-2-1024x683.jpg","type":"image\/jpeg"}],"twitter_card":"summary_large_image","twitter_misc":{"Gesch\u00e4tzte Lesezeit":"3 Minuten"},"schema":{"@context":"https:\/\/schema.org","@graph":[{"@type":"WebPage","@id":"https:\/\/markquen.com\/de\/datenschutzrichtlinie\/","url":"https:\/\/markquen.com\/de\/datenschutzrichtlinie\/","name":"\u0422\u043e\u0440\u0433\u043e\u0432\u0435 POS \u043e\u0431\u043b\u0430\u0434\u043d\u0430\u043d\u043d\u044f \u2013 \u041c\u0410\u0420\u041a\u041a\u0412\u0415\u041d Datenschutzrichtlinie &#8211; Markquen.com","isPartOf":{"@id":"https:\/\/markquen.com\/de\/#website"},"datePublished":"2025-01-10T18:48:07+00:00","dateModified":"2025-01-11T10:38:30+00:00","description":"\u0412\u0438\u0440\u043e\u0431\u043d\u0438\u0446\u0442\u0432\u043e \u0442\u0430 \u0434\u0438\u0437\u0430\u0439\u043d. \u0422\u043e\u0440\u0433\u043e\u0432\u0435 POS \u043e\u0431\u043b\u0430\u0434\u043d\u0430\u043d\u043d\u044f, \u0431\u0440\u0435\u043d\u0434 \u0437\u043e\u043d\u0438, \u0432\u0438\u0441\u0442\u0430\u0432\u043a\u043e\u0432\u0456 \u0441\u0442\u0435\u043d\u0434\u0438, \u0440\u0435\u043a\u043b\u0430\u043c\u043d\u0456 \u0434\u0456\u0434\u0436\u0438\u0442\u0430\u043b \u0440\u0456\u0448\u0435\u043d\u043d\u044f \u0434\u043b\u044f \u043f\u0440\u043e\u0441\u0443\u0432\u0430\u043d\u043d\u044f \u0443 \u0440\u0438\u0442\u0435\u0439\u043b\u0456. \u0410\u043d\u0430\u043b\u0456\u0442\u0438\u043a\u0430 \u043f\u0440\u043e\u0434\u0430\u0436\u0456\u0432.","breadcrumb":{"@id":"https:\/\/markquen.com\/de\/datenschutzrichtlinie\/#breadcrumb"},"inLanguage":"de-DE","potentialAction":[{"@type":"ReadAction","target":["https:\/\/markquen.com\/de\/datenschutzrichtlinie\/"]}]},{"@type":"BreadcrumbList","@id":"https:\/\/markquen.com\/de\/datenschutzrichtlinie\/#breadcrumb","itemListElement":[{"@type":"ListItem","position":1,"name":"Hauptseite","item":"https:\/\/markquen.com\/de\/"},{"@type":"ListItem","position":2,"name":"Datenschutzrichtlinie"}]},{"@type":"WebSite","@id":"https:\/\/markquen.com\/de\/#website","url":"https:\/\/markquen.com\/de\/","name":"Markquen.com","description":"POS production and in-store marketing","publisher":{"@id":"https:\/\/markquen.com\/de\/#organization"},"potentialAction":[{"@type":"SearchAction","target":{"@type":"EntryPoint","urlTemplate":"https:\/\/markquen.com\/de\/?s={search_term_string}"},"query-input":{"@type":"PropertyValueSpecification","valueRequired":true,"valueName":"search_term_string"}}],"inLanguage":"de-DE"},{"@type":"Organization","@id":"https:\/\/markquen.com\/de\/#organization","name":"MARKQUEN","url":"https:\/\/markquen.com\/de\/","logo":{"@type":"ImageObject","inLanguage":"de-DE","@id":"https:\/\/markquen.com\/de\/#\/schema\/logo\/image\/","url":"https:\/\/markquen.com\/wp-content\/uploads\/2020\/05\/logo_markquen.png","contentUrl":"https:\/\/markquen.com\/wp-content\/uploads\/2020\/05\/logo_markquen.png","width":1269,"height":236,"caption":"MARKQUEN"},"image":{"@id":"https:\/\/markquen.com\/de\/#\/schema\/logo\/image\/"},"sameAs":["https:\/\/www.facebook.com\/markquengroup\/","https:\/\/www.instagram.com\/markquen_group\/","https:\/\/www.linkedin.com\/company\/markquengroup","https:\/\/www.youtube.com\/channel\/UCQybLYZughkYQKlIh6uFTcg"]}]}},"_links":{"self":[{"href":"https:\/\/markquen.com\/de\/wp-json\/wp\/v2\/pages\/7151","targetHints":{"allow":["GET"]}}],"collection":[{"href":"https:\/\/markquen.com\/de\/wp-json\/wp\/v2\/pages"}],"about":[{"href":"https:\/\/markquen.com\/de\/wp-json\/wp\/v2\/types\/page"}],"author":[{"embeddable":true,"href":"https:\/\/markquen.com\/de\/wp-json\/wp\/v2\/users\/1"}],"replies":[{"embeddable":true,"href":"https:\/\/markquen.com\/de\/wp-json\/wp\/v2\/comments?post=7151"}],"version-history":[{"count":6,"href":"https:\/\/markquen.com\/de\/wp-json\/wp\/v2\/pages\/7151\/revisions"}],"predecessor-version":[{"id":7161,"href":"https:\/\/markquen.com\/de\/wp-json\/wp\/v2\/pages\/7151\/revisions\/7161"}],"wp:attachment":[{"href":"https:\/\/markquen.com\/de\/wp-json\/wp\/v2\/media?parent=7151"}],"curies":[{"name":"wp","href":"https:\/\/api.w.org\/{rel}","templated":true}]}}