{"id":1811,"date":"2020-01-27T11:06:40","date_gmt":"2020-01-27T08:06:40","guid":{"rendered":"https:\/\/markquen.com\/home\/"},"modified":"2025-07-25T15:50:39","modified_gmt":"2025-07-25T12:50:39","slug":"home","status":"publish","type":"page","link":"https:\/\/markquen.com\/de\/","title":{"rendered":"Haupts\u00e4chlich"},"content":{"rendered":"","protected":false},"excerpt":{"rendered":"","protected":false},"author":1,"featured_media":0,"parent":0,"menu_order":17,"comment_status":"closed","ping_status":"closed","template":"page-home.php","meta":{"_acf_changed":false,"inline_featured_image":false,"footnotes":""},"class_list":["post-1811","page","type-page","status-publish","hentry"],"acf":[],"yoast_head":"<!-- This site is optimized with the Yoast SEO plugin v26.5 - https:\/\/yoast.com\/wordpress\/plugins\/seo\/ -->\n<title>POS-Ger\u00e4te f\u00fcr den Einzelhandel Haupts\u00e4chlich &#8211; Markquen.com<\/title>\n<meta name=\"description\" content=\"Produktion und Design. POS-Ger\u00e4te f\u00fcr den Einzelhandel, Markenzonen, Messest\u00e4nde, digitale Werbel\u00f6sungen f\u00fcr die Werbung im Einzelhandel.\" \/>\n<meta name=\"robots\" content=\"index, follow, max-snippet:-1, max-image-preview:large, max-video-preview:-1\" \/>\n<link rel=\"canonical\" href=\"https:\/\/markquen.com\/de\/\" \/>\n<meta property=\"og:locale\" content=\"de_DE\" \/>\n<meta property=\"og:type\" content=\"article\" \/>\n<meta property=\"og:title\" content=\"POS-Ger\u00e4te f\u00fcr den Einzelhandel Haupts\u00e4chlich &#8211; Markquen.com\" \/>\n<meta property=\"og:description\" content=\"Produktion und Design. POS-Ger\u00e4te f\u00fcr den Einzelhandel, Markenzonen, Messest\u00e4nde, digitale Werbel\u00f6sungen f\u00fcr die Werbung im Einzelhandel.\" \/>\n<meta property=\"og:url\" content=\"https:\/\/markquen.com\/de\/\" \/>\n<meta property=\"og:site_name\" content=\"Markquen.com\" \/>\n<meta property=\"article:publisher\" content=\"https:\/\/www.facebook.com\/markquengroup\/\" \/>\n<meta property=\"article:modified_time\" content=\"2025-07-25T12:50:39+00:00\" \/>\n<meta property=\"og:image\" content=\"https:\/\/markquen.com\/wp-content\/uploads\/2020\/06\/markquen_group-2-1024x683.jpg\" \/>\n\t<meta property=\"og:image:width\" content=\"1024\" \/>\n\t<meta property=\"og:image:height\" content=\"683\" \/>\n\t<meta property=\"og:image:type\" content=\"image\/jpeg\" \/>\n<meta name=\"twitter:card\" content=\"summary_large_image\" \/>\n<script type=\"application\/ld+json\" class=\"yoast-schema-graph\">{\"@context\":\"https:\/\/schema.org\",\"@graph\":[{\"@type\":\"WebPage\",\"@id\":\"https:\/\/markquen.com\/de\/\",\"url\":\"https:\/\/markquen.com\/de\/\",\"name\":\"POS-Ger\u00e4te f\u00fcr den Einzelhandel Haupts\u00e4chlich &#8211; Markquen.com\",\"isPartOf\":{\"@id\":\"https:\/\/markquen.com\/de\/#website\"},\"datePublished\":\"2020-01-27T08:06:40+00:00\",\"dateModified\":\"2025-07-25T12:50:39+00:00\",\"description\":\"Produktion und Design. POS-Ger\u00e4te f\u00fcr den Einzelhandel, Markenzonen, Messest\u00e4nde, digitale Werbel\u00f6sungen f\u00fcr die Werbung im Einzelhandel.\",\"breadcrumb\":{\"@id\":\"https:\/\/markquen.com\/de\/#breadcrumb\"},\"inLanguage\":\"de-DE\",\"potentialAction\":[{\"@type\":\"ReadAction\",\"target\":[\"https:\/\/markquen.com\/de\/\"]}]},{\"@type\":\"BreadcrumbList\",\"@id\":\"https:\/\/markquen.com\/de\/#breadcrumb\",\"itemListElement\":[{\"@type\":\"ListItem\",\"position\":1,\"name\":\"Hauptseite\",\"item\":\"https:\/\/markquen.com\/de\/\"},{\"@type\":\"ListItem\",\"position\":2,\"name\":\"Haupts\u00e4chlich\"}]},{\"@type\":\"WebSite\",\"@id\":\"https:\/\/markquen.com\/de\/#website\",\"url\":\"https:\/\/markquen.com\/de\/\",\"name\":\"Markquen.com\",\"description\":\"POS production and in-store marketing\",\"publisher\":{\"@id\":\"https:\/\/markquen.com\/de\/#organization\"},\"potentialAction\":[{\"@type\":\"SearchAction\",\"target\":{\"@type\":\"EntryPoint\",\"urlTemplate\":\"https:\/\/markquen.com\/de\/?s={search_term_string}\"},\"query-input\":{\"@type\":\"PropertyValueSpecification\",\"valueRequired\":true,\"valueName\":\"search_term_string\"}}],\"inLanguage\":\"de-DE\"},{\"@type\":\"Organization\",\"@id\":\"https:\/\/markquen.com\/de\/#organization\",\"name\":\"MARKQUEN\",\"url\":\"https:\/\/markquen.com\/de\/\",\"logo\":{\"@type\":\"ImageObject\",\"inLanguage\":\"de-DE\",\"@id\":\"https:\/\/markquen.com\/de\/#\/schema\/logo\/image\/\",\"url\":\"https:\/\/markquen.com\/wp-content\/uploads\/2020\/05\/logo_markquen.png\",\"contentUrl\":\"https:\/\/markquen.com\/wp-content\/uploads\/2020\/05\/logo_markquen.png\",\"width\":1269,\"height\":236,\"caption\":\"MARKQUEN\"},\"image\":{\"@id\":\"https:\/\/markquen.com\/de\/#\/schema\/logo\/image\/\"},\"sameAs\":[\"https:\/\/www.facebook.com\/markquengroup\/\",\"https:\/\/www.instagram.com\/markquen_group\/\",\"https:\/\/www.linkedin.com\/company\/markquengroup\",\"https:\/\/www.youtube.com\/channel\/UCQybLYZughkYQKlIh6uFTcg\"]}]}<\/script>\n<!-- \/ Yoast SEO plugin. -->","yoast_head_json":{"title":"POS-Ger\u00e4te f\u00fcr den Einzelhandel Haupts\u00e4chlich &#8211; Markquen.com","description":"Produktion und Design. POS-Ger\u00e4te f\u00fcr den Einzelhandel, Markenzonen, Messest\u00e4nde, digitale Werbel\u00f6sungen f\u00fcr die Werbung im Einzelhandel.","robots":{"index":"index","follow":"follow","max-snippet":"max-snippet:-1","max-image-preview":"max-image-preview:large","max-video-preview":"max-video-preview:-1"},"canonical":"https:\/\/markquen.com\/de\/","og_locale":"de_DE","og_type":"article","og_title":"POS-Ger\u00e4te f\u00fcr den Einzelhandel Haupts\u00e4chlich &#8211; Markquen.com","og_description":"Produktion und Design. POS-Ger\u00e4te f\u00fcr den Einzelhandel, Markenzonen, Messest\u00e4nde, digitale Werbel\u00f6sungen f\u00fcr die Werbung im Einzelhandel.","og_url":"https:\/\/markquen.com\/de\/","og_site_name":"Markquen.com","article_publisher":"https:\/\/www.facebook.com\/markquengroup\/","article_modified_time":"2025-07-25T12:50:39+00:00","og_image":[{"width":1024,"height":683,"url":"https:\/\/markquen.com\/wp-content\/uploads\/2020\/06\/markquen_group-2-1024x683.jpg","type":"image\/jpeg"}],"twitter_card":"summary_large_image","schema":{"@context":"https:\/\/schema.org","@graph":[{"@type":"WebPage","@id":"https:\/\/markquen.com\/de\/","url":"https:\/\/markquen.com\/de\/","name":"POS-Ger\u00e4te f\u00fcr den Einzelhandel Haupts\u00e4chlich &#8211; Markquen.com","isPartOf":{"@id":"https:\/\/markquen.com\/de\/#website"},"datePublished":"2020-01-27T08:06:40+00:00","dateModified":"2025-07-25T12:50:39+00:00","description":"Produktion und Design. POS-Ger\u00e4te f\u00fcr den Einzelhandel, Markenzonen, Messest\u00e4nde, digitale Werbel\u00f6sungen f\u00fcr die Werbung im Einzelhandel.","breadcrumb":{"@id":"https:\/\/markquen.com\/de\/#breadcrumb"},"inLanguage":"de-DE","potentialAction":[{"@type":"ReadAction","target":["https:\/\/markquen.com\/de\/"]}]},{"@type":"BreadcrumbList","@id":"https:\/\/markquen.com\/de\/#breadcrumb","itemListElement":[{"@type":"ListItem","position":1,"name":"Hauptseite","item":"https:\/\/markquen.com\/de\/"},{"@type":"ListItem","position":2,"name":"Haupts\u00e4chlich"}]},{"@type":"WebSite","@id":"https:\/\/markquen.com\/de\/#website","url":"https:\/\/markquen.com\/de\/","name":"Markquen.com","description":"POS production and in-store marketing","publisher":{"@id":"https:\/\/markquen.com\/de\/#organization"},"potentialAction":[{"@type":"SearchAction","target":{"@type":"EntryPoint","urlTemplate":"https:\/\/markquen.com\/de\/?s={search_term_string}"},"query-input":{"@type":"PropertyValueSpecification","valueRequired":true,"valueName":"search_term_string"}}],"inLanguage":"de-DE"},{"@type":"Organization","@id":"https:\/\/markquen.com\/de\/#organization","name":"MARKQUEN","url":"https:\/\/markquen.com\/de\/","logo":{"@type":"ImageObject","inLanguage":"de-DE","@id":"https:\/\/markquen.com\/de\/#\/schema\/logo\/image\/","url":"https:\/\/markquen.com\/wp-content\/uploads\/2020\/05\/logo_markquen.png","contentUrl":"https:\/\/markquen.com\/wp-content\/uploads\/2020\/05\/logo_markquen.png","width":1269,"height":236,"caption":"MARKQUEN"},"image":{"@id":"https:\/\/markquen.com\/de\/#\/schema\/logo\/image\/"},"sameAs":["https:\/\/www.facebook.com\/markquengroup\/","https:\/\/www.instagram.com\/markquen_group\/","https:\/\/www.linkedin.com\/company\/markquengroup","https:\/\/www.youtube.com\/channel\/UCQybLYZughkYQKlIh6uFTcg"]}]}},"_links":{"self":[{"href":"https:\/\/markquen.com\/de\/wp-json\/wp\/v2\/pages\/1811","targetHints":{"allow":["GET"]}}],"collection":[{"href":"https:\/\/markquen.com\/de\/wp-json\/wp\/v2\/pages"}],"about":[{"href":"https:\/\/markquen.com\/de\/wp-json\/wp\/v2\/types\/page"}],"author":[{"embeddable":true,"href":"https:\/\/markquen.com\/de\/wp-json\/wp\/v2\/users\/1"}],"replies":[{"embeddable":true,"href":"https:\/\/markquen.com\/de\/wp-json\/wp\/v2\/comments?post=1811"}],"version-history":[{"count":29,"href":"https:\/\/markquen.com\/de\/wp-json\/wp\/v2\/pages\/1811\/revisions"}],"predecessor-version":[{"id":8506,"href":"https:\/\/markquen.com\/de\/wp-json\/wp\/v2\/pages\/1811\/revisions\/8506"}],"wp:attachment":[{"href":"https:\/\/markquen.com\/de\/wp-json\/wp\/v2\/media?parent=1811"}],"curies":[{"name":"wp","href":"https:\/\/api.w.org\/{rel}","templated":true}]}}